{"id":157,"date":"2024-11-11T15:40:28","date_gmt":"2024-11-11T15:40:28","guid":{"rendered":"http:\/\/elalmadechloe.es\/?page_id=157"},"modified":"2025-01-10T19:02:03","modified_gmt":"2025-01-10T19:02:03","slug":"politica-de-privacidad","status":"publish","type":"page","link":"https:\/\/elalmadechloe.es\/index.php\/politica-de-privacidad\/","title":{"rendered":"Pol\u00edtica de privacidad"},"content":{"rendered":"\t\t<div data-elementor-type=\"wp-post\" data-elementor-id=\"157\" class=\"elementor elementor-157\" data-elementor-post-type=\"page\">\n\t\t\t\t<div class=\"elementor-element elementor-element-f2fd6b8 e-flex e-con-boxed e-con e-parent\" data-id=\"f2fd6b8\" data-element_type=\"container\" data-settings=\"{&quot;background_background&quot;:&quot;classic&quot;}\">\n\t\t\t\t\t<div class=\"e-con-inner\">\n\t\t\t\t<div class=\"elementor-element elementor-element-8661e48 elementor-nav-menu--dropdown-tablet elementor-nav-menu__text-align-aside elementor-nav-menu--toggle elementor-nav-menu--burger elementor-widget elementor-widget-nav-menu\" data-id=\"8661e48\" data-element_type=\"widget\" data-settings=\"{&quot;layout&quot;:&quot;horizontal&quot;,&quot;submenu_icon&quot;:{&quot;value&quot;:&quot;&lt;svg class=\\&quot;e-font-icon-svg e-fas-caret-down\\&quot; viewBox=\\&quot;0 0 320 512\\&quot; xmlns=\\&quot;http:\\\/\\\/www.w3.org\\\/2000\\\/svg\\&quot;&gt;&lt;path d=\\&quot;M31.3 192h257.3c17.8 0 26.7 21.5 14.1 34.1L174.1 354.8c-7.8 7.8-20.5 7.8-28.3 0L17.2 226.1C4.6 213.5 13.5 192 31.3 192z\\&quot;&gt;&lt;\\\/path&gt;&lt;\\\/svg&gt;&quot;,&quot;library&quot;:&quot;fa-solid&quot;},&quot;toggle&quot;:&quot;burger&quot;}\" data-widget_type=\"nav-menu.default\">\n\t\t\t\t<div class=\"elementor-widget-container\">\n\t\t\t\t\t\t\t\t<nav aria-label=\"Menu\" class=\"elementor-nav-menu--main elementor-nav-menu__container elementor-nav-menu--layout-horizontal e--pointer-underline e--animation-fade\">\n\t\t\t\t<ul id=\"menu-1-8661e48\" class=\"elementor-nav-menu\"><li class=\"menu-item menu-item-type-post_type menu-item-object-page menu-item-home menu-item-153\"><a href=\"https:\/\/elalmadechloe.es\/\" class=\"elementor-item\">Inicio<\/a><\/li>\n<li class=\"menu-item menu-item-type-post_type menu-item-object-page menu-item-156\"><a href=\"https:\/\/elalmadechloe.es\/index.php\/servicios\/\" class=\"elementor-item\">Servicios<\/a><\/li>\n<li class=\"menu-item menu-item-type-post_type menu-item-object-page menu-item-154\"><a href=\"https:\/\/elalmadechloe.es\/index.php\/contacto\/\" class=\"elementor-item\">Contacto<\/a><\/li>\n<\/ul>\t\t\t<\/nav>\n\t\t\t\t\t<div class=\"elementor-menu-toggle\" role=\"button\" tabindex=\"0\" aria-label=\"Menu Toggle\" aria-expanded=\"false\">\n\t\t\t<svg aria-hidden=\"true\" role=\"presentation\" class=\"elementor-menu-toggle__icon--open e-font-icon-svg e-eicon-menu-bar\" viewBox=\"0 0 1000 1000\" xmlns=\"http:\/\/www.w3.org\/2000\/svg\"><path d=\"M104 333H896C929 333 958 304 958 271S929 208 896 208H104C71 208 42 237 42 271S71 333 104 333ZM104 583H896C929 583 958 554 958 521S929 458 896 458H104C71 458 42 487 42 521S71 583 104 583ZM104 833H896C929 833 958 804 958 771S929 708 896 708H104C71 708 42 737 42 771S71 833 104 833Z\"><\/path><\/svg><svg aria-hidden=\"true\" role=\"presentation\" class=\"elementor-menu-toggle__icon--close e-font-icon-svg e-eicon-close\" viewBox=\"0 0 1000 1000\" xmlns=\"http:\/\/www.w3.org\/2000\/svg\"><path d=\"M742 167L500 408 258 167C246 154 233 150 217 150 196 150 179 158 167 167 154 179 150 196 150 212 150 229 154 242 171 254L408 500 167 742C138 771 138 800 167 829 196 858 225 858 254 829L496 587 738 829C750 842 767 846 783 846 800 846 817 842 829 829 842 817 846 804 846 783 846 767 842 750 829 737L588 500 833 258C863 229 863 200 833 171 804 137 775 137 742 167Z\"><\/path><\/svg>\t\t\t<span class=\"elementor-screen-only\">Menu<\/span>\n\t\t<\/div>\n\t\t\t\t\t<nav class=\"elementor-nav-menu--dropdown elementor-nav-menu__container\" aria-hidden=\"true\">\n\t\t\t\t<ul id=\"menu-2-8661e48\" class=\"elementor-nav-menu\"><li class=\"menu-item menu-item-type-post_type menu-item-object-page menu-item-home menu-item-153\"><a href=\"https:\/\/elalmadechloe.es\/\" class=\"elementor-item\" tabindex=\"-1\">Inicio<\/a><\/li>\n<li class=\"menu-item menu-item-type-post_type menu-item-object-page menu-item-156\"><a href=\"https:\/\/elalmadechloe.es\/index.php\/servicios\/\" class=\"elementor-item\" tabindex=\"-1\">Servicios<\/a><\/li>\n<li class=\"menu-item menu-item-type-post_type menu-item-object-page menu-item-154\"><a href=\"https:\/\/elalmadechloe.es\/index.php\/contacto\/\" class=\"elementor-item\" tabindex=\"-1\">Contacto<\/a><\/li>\n<\/ul>\t\t\t<\/nav>\n\t\t\t\t\t\t<\/div>\n\t\t\t\t<\/div>\n\t\t\t\t\t<\/div>\n\t\t\t\t<\/div>\n\t\t<div class=\"elementor-element elementor-element-81671c7 e-flex e-con-boxed e-con e-parent\" data-id=\"81671c7\" data-element_type=\"container\" data-settings=\"{&quot;background_background&quot;:&quot;classic&quot;}\">\n\t\t\t\t\t<div class=\"e-con-inner\">\n\t\t\t\t<div class=\"elementor-element elementor-element-a5e0684 elementor-widget elementor-widget-image\" data-id=\"a5e0684\" data-element_type=\"widget\" data-widget_type=\"image.default\">\n\t\t\t\t<div class=\"elementor-widget-container\">\n\t\t\t\t\t\t\t\t\t\t\t\t\t\t\t<img fetchpriority=\"high\" decoding=\"async\" width=\"768\" height=\"254\" src=\"https:\/\/elalmadechloe.es\/wp-content\/uploads\/2024\/09\/3-e1731267627946-768x254.png\" class=\"attachment-medium_large size-medium_large wp-image-15\" alt=\"\" srcset=\"https:\/\/elalmadechloe.es\/wp-content\/uploads\/2024\/09\/3-e1731267627946-768x254.png 768w, https:\/\/elalmadechloe.es\/wp-content\/uploads\/2024\/09\/3-e1731267627946-300x99.png 300w, https:\/\/elalmadechloe.es\/wp-content\/uploads\/2024\/09\/3-e1731267627946-1024x339.png 1024w, https:\/\/elalmadechloe.es\/wp-content\/uploads\/2024\/09\/3-e1731267627946-1536x508.png 1536w, https:\/\/elalmadechloe.es\/wp-content\/uploads\/2024\/09\/3-e1731267627946.png 1853w\" sizes=\"(max-width: 768px) 100vw, 768px\" \/>\t\t\t\t\t\t\t\t\t\t\t\t\t\t\t<\/div>\n\t\t\t\t<\/div>\n\t\t\t\t<div class=\"elementor-element elementor-element-e8fd538 elementor-widget elementor-widget-image\" data-id=\"e8fd538\" data-element_type=\"widget\" data-widget_type=\"image.default\">\n\t\t\t\t<div class=\"elementor-widget-container\">\n\t\t\t\t\t\t\t\t\t\t\t\t\t\t\t<img decoding=\"async\" width=\"300\" height=\"102\" src=\"https:\/\/elalmadechloe.es\/wp-content\/uploads\/2024\/09\/8-e1731267491900-300x102.png\" class=\"attachment-medium size-medium wp-image-20\" alt=\"\" srcset=\"https:\/\/elalmadechloe.es\/wp-content\/uploads\/2024\/09\/8-e1731267491900-300x102.png 300w, https:\/\/elalmadechloe.es\/wp-content\/uploads\/2024\/09\/8-e1731267491900-1024x349.png 1024w, https:\/\/elalmadechloe.es\/wp-content\/uploads\/2024\/09\/8-e1731267491900-768x262.png 768w, https:\/\/elalmadechloe.es\/wp-content\/uploads\/2024\/09\/8-e1731267491900-1536x524.png 1536w, https:\/\/elalmadechloe.es\/wp-content\/uploads\/2024\/09\/8-e1731267491900.png 1630w\" sizes=\"(max-width: 300px) 100vw, 300px\" \/>\t\t\t\t\t\t\t\t\t\t\t\t\t\t\t<\/div>\n\t\t\t\t<\/div>\n\t\t\t\t\t<\/div>\n\t\t\t\t<\/div>\n\t\t<div class=\"elementor-element elementor-element-13787ef e-flex e-con-boxed e-con e-parent\" data-id=\"13787ef\" data-element_type=\"container\">\n\t\t\t\t\t<div class=\"e-con-inner\">\n\t\t\t\t<div class=\"elementor-element elementor-element-c823f68 elementor-widget elementor-widget-heading\" data-id=\"c823f68\" data-element_type=\"widget\" data-widget_type=\"heading.default\">\n\t\t\t\t<div class=\"elementor-widget-container\">\n\t\t\t\t\t<h1 class=\"elementor-heading-title elementor-size-default\">POLITICA DE PRIVACIDAD<\/h1>\t\t\t\t<\/div>\n\t\t\t\t<\/div>\n\t\t\t\t<div class=\"elementor-element elementor-element-d91fb6c elementor-widget elementor-widget-text-editor\" data-id=\"d91fb6c\" data-element_type=\"widget\" data-widget_type=\"text-editor.default\">\n\t\t\t\t<div class=\"elementor-widget-container\">\n\t\t\t\t\t\t\t\t\t<p>Pol\u00edtica de Privacidad<\/p><p>El Alma de Chloe se compromete a proteger tu privacidad y a cumplir con las normativas de protecci\u00f3n de datos personales, incluyendo el Reglamento General de Protecci\u00f3n de Datos (RGPD).<\/p><p>Responsable del Tratamiento<br \/>El Alma de Chloe es el responsable del tratamiento de tus datos personales. Puedes contactarnos a trav\u00e9s de:<\/p><p>Correo Electr\u00f3nico: info@elalmadechloe.es<\/p><p>Informaci\u00f3n Recopilada<br \/>Cuando utilizas nuestro sitio web, podemos recopilar informaci\u00f3n personal como tu nombre, direcci\u00f3n de correo electr\u00f3nico, n\u00famero de tel\u00e9fono y detalles de pago. Esta informaci\u00f3n se utiliza para procesar tus pedidos y mejorar tu experiencia en nuestro sitio web.<\/p><p>Finalidad del Tratamiento<br \/>Los datos personales que recopilamos se utilizan para:<\/p><p>Procesar y completar pedidos.<\/p><p>Enviar notificaciones y actualizaciones sobre productos y servicios.<\/p><p>Mejorar y personalizar tu experiencia en nuestro sitio web.<\/p><p>Realizar an\u00e1lisis y estad\u00edsticas para mejorar nuestros servicios.<\/p><p>Base Legal para el Tratamiento<br \/>El tratamiento de tus datos personales se realiza en base a tu consentimiento expl\u00edcito, que puedes retirar en cualquier momento. Tambi\u00e9n podemos procesar tus datos personales cuando sea necesario para cumplir con una obligaci\u00f3n legal o para proteger nuestros derechos legales.<\/p><p>Transferencias Internacionales<br \/>No transferimos datos personales a terceros pa\u00edses fuera de la Uni\u00f3n Europea. Si en alg\u00fan momento lo hici\u00e9ramos, informaremos a los interesados y tomaremos las medidas necesarias para garantizar la protecci\u00f3n de tus datos.<\/p><p>Derechos de los Interesados<br \/>Tienes derecho a:<\/p><p>Acceder a tus datos personales.<\/p><p>Rectificar datos incorrectos o incompletos.<\/p><p>Suprimir tus datos personales.<\/p><p>Oponerte al tratamiento de tus datos personales.<\/p><p>Recibir una copia de tus datos personales en un formato legible por m\u00e1quina.<\/p><p>Transferir tus datos personales a otro responsable del tratamiento.<\/p><p>Seguridad de los Datos<br \/>Tomamos todas las medidas t\u00e9cnicas y organizativas necesarias para proteger tus datos personales contra acceso, divulgaci\u00f3n o p\u00e9rdida no autorizada.<\/p><p>Modificaciones de la Pol\u00edtica de Privacidad<br \/>Podemos actualizar esta pol\u00edtica de privacidad de vez en cuando. Te recomendamos revisar esta p\u00e1gina peri\u00f3dicamente para estar informado de cualquier cambio.<\/p><p>Contacto<br \/>Si tienes alguna pregunta o inquietud sobre nuestra pol\u00edtica de privacidad, no dudes en contactarnos a trav\u00e9s de [info@elalmadechloe.es].<\/p>\t\t\t\t\t\t\t\t<\/div>\n\t\t\t\t<\/div>\n\t\t\t\t<div class=\"elementor-element elementor-element-d7b1228 elementor-widget-divider--view-line_icon elementor-view-default elementor-widget-divider--element-align-center elementor-widget elementor-widget-divider\" data-id=\"d7b1228\" data-element_type=\"widget\" data-widget_type=\"divider.default\">\n\t\t\t\t<div class=\"elementor-widget-container\">\n\t\t\t\t\t\t\t<div class=\"elementor-divider\">\n\t\t\t<span class=\"elementor-divider-separator\">\n\t\t\t\t\t\t\t<div class=\"elementor-icon elementor-divider__element\">\n\t\t\t\t\t<svg aria-hidden=\"true\" class=\"e-font-icon-svg e-fas-paw\" viewBox=\"0 0 512 512\" xmlns=\"http:\/\/www.w3.org\/2000\/svg\"><path d=\"M256 224c-79.41 0-192 122.76-192 200.25 0 34.9 26.81 55.75 71.74 55.75 48.84 0 81.09-25.08 120.26-25.08 39.51 0 71.85 25.08 120.26 25.08 44.93 0 71.74-20.85 71.74-55.75C448 346.76 335.41 224 256 224zm-147.28-12.61c-10.4-34.65-42.44-57.09-71.56-50.13-29.12 6.96-44.29 40.69-33.89 75.34 10.4 34.65 42.44 57.09 71.56 50.13 29.12-6.96 44.29-40.69 33.89-75.34zm84.72-20.78c30.94-8.14 46.42-49.94 34.58-93.36s-46.52-72.01-77.46-63.87-46.42 49.94-34.58 93.36c11.84 43.42 46.53 72.02 77.46 63.87zm281.39-29.34c-29.12-6.96-61.15 15.48-71.56 50.13-10.4 34.65 4.77 68.38 33.89 75.34 29.12 6.96 61.15-15.48 71.56-50.13 10.4-34.65-4.77-68.38-33.89-75.34zm-156.27 29.34c30.94 8.14 65.62-20.45 77.46-63.87 11.84-43.42-3.64-85.21-34.58-93.36s-65.62 20.45-77.46 63.87c-11.84 43.42 3.64 85.22 34.58 93.36z\"><\/path><\/svg><\/div>\n\t\t\t\t\t\t<\/span>\n\t\t<\/div>\n\t\t\t\t\t\t<\/div>\n\t\t\t\t<\/div>\n\t\t\t\t\t<\/div>\n\t\t\t\t<\/div>\n\t\t<div class=\"elementor-element elementor-element-840769d e-flex e-con-boxed e-con e-parent\" data-id=\"840769d\" data-element_type=\"container\" data-settings=\"{&quot;background_background&quot;:&quot;classic&quot;}\">\n\t\t\t\t\t<div class=\"e-con-inner\">\n\t\t\t\t<div class=\"elementor-element elementor-element-6d947fc elementor-view-default elementor-widget elementor-widget-icon\" data-id=\"6d947fc\" data-element_type=\"widget\" data-widget_type=\"icon.default\">\n\t\t\t\t<div class=\"elementor-widget-container\">\n\t\t\t\t\t\t\t<div class=\"elementor-icon-wrapper\">\n\t\t\t<a class=\"elementor-icon\" href=\"https:\/\/www.instagram.com\/elalmadechloe_\/\">\n\t\t\t<svg aria-hidden=\"true\" class=\"e-font-icon-svg e-fab-instagram\" viewBox=\"0 0 448 512\" xmlns=\"http:\/\/www.w3.org\/2000\/svg\"><path d=\"M224.1 141c-63.6 0-114.9 51.3-114.9 114.9s51.3 114.9 114.9 114.9S339 319.5 339 255.9 287.7 141 224.1 141zm0 189.6c-41.1 0-74.7-33.5-74.7-74.7s33.5-74.7 74.7-74.7 74.7 33.5 74.7 74.7-33.6 74.7-74.7 74.7zm146.4-194.3c0 14.9-12 26.8-26.8 26.8-14.9 0-26.8-12-26.8-26.8s12-26.8 26.8-26.8 26.8 12 26.8 26.8zm76.1 27.2c-1.7-35.9-9.9-67.7-36.2-93.9-26.2-26.2-58-34.4-93.9-36.2-37-2.1-147.9-2.1-184.9 0-35.8 1.7-67.6 9.9-93.9 36.1s-34.4 58-36.2 93.9c-2.1 37-2.1 147.9 0 184.9 1.7 35.9 9.9 67.7 36.2 93.9s58 34.4 93.9 36.2c37 2.1 147.9 2.1 184.9 0 35.9-1.7 67.7-9.9 93.9-36.2 26.2-26.2 34.4-58 36.2-93.9 2.1-37 2.1-147.8 0-184.8zM398.8 388c-7.8 19.6-22.9 34.7-42.6 42.6-29.5 11.7-99.5 9-132.1 9s-102.7 2.6-132.1-9c-19.6-7.8-34.7-22.9-42.6-42.6-11.7-29.5-9-99.5-9-132.1s-2.6-102.7 9-132.1c7.8-19.6 22.9-34.7 42.6-42.6 29.5-11.7 99.5-9 132.1-9s102.7-2.6 132.1 9c19.6 7.8 34.7 22.9 42.6 42.6 11.7 29.5 9 99.5 9 132.1s2.7 102.7-9 132.1z\"><\/path><\/svg>\t\t\t<\/a>\n\t\t<\/div>\n\t\t\t\t\t\t<\/div>\n\t\t\t\t<\/div>\n\t\t\t\t<div class=\"elementor-element elementor-element-5f35d2b elementor-widget elementor-widget-text-editor\" data-id=\"5f35d2b\" data-element_type=\"widget\" data-widget_type=\"text-editor.default\">\n\t\t\t\t<div class=\"elementor-widget-container\">\n\t\t\t\t\t\t\t\t\t<p>Pol\u00edtica de Privacidad | Pol\u00edtica de Cookies | Pol\u00edtica de Contrataci\u00f3n<\/p>\t\t\t\t\t\t\t\t<\/div>\n\t\t\t\t<\/div>\n\t\t\t\t<div class=\"elementor-element elementor-element-1a2e120 elementor-widget elementor-widget-text-editor\" data-id=\"1a2e120\" data-element_type=\"widget\" data-widget_type=\"text-editor.default\">\n\t\t\t\t<div class=\"elementor-widget-container\">\n\t\t\t\t\t\t\t\t\t<p>Todos lo derechos reservados | El Alma de Cloe 2024<\/p>\t\t\t\t\t\t\t\t<\/div>\n\t\t\t\t<\/div>\n\t\t\t\t\t<\/div>\n\t\t\t\t<\/div>\n\t\t\t\t<\/div>\n\t\t","protected":false},"excerpt":{"rendered":"<p>POLITICA DE PRIVACIDAD Pol\u00edtica de Privacidad El Alma de Chloe se compromete a proteger tu privacidad y a cumplir con las normativas de protecci\u00f3n de datos personales, incluyendo el Reglamento General de Protecci\u00f3n de Datos (RGPD). Responsable del TratamientoEl Alma de Chloe es el responsable del tratamiento de tus datos personales. Puedes contactarnos a trav\u00e9s &#8230; <a title=\"Pol\u00edtica de privacidad\" class=\"read-more\" href=\"https:\/\/elalmadechloe.es\/index.php\/politica-de-privacidad\/\" aria-label=\"Leer m\u00e1s sobre Pol\u00edtica de privacidad\">Leer m\u00e1s<\/a><\/p>\n","protected":false},"author":1,"featured_media":0,"parent":0,"menu_order":0,"comment_status":"closed","ping_status":"closed","template":"elementor_canvas","meta":{"_joinchat":[],"footnotes":""},"class_list":["post-157","page","type-page","status-publish"],"_links":{"self":[{"href":"https:\/\/elalmadechloe.es\/index.php\/wp-json\/wp\/v2\/pages\/157","targetHints":{"allow":["GET"]}}],"collection":[{"href":"https:\/\/elalmadechloe.es\/index.php\/wp-json\/wp\/v2\/pages"}],"about":[{"href":"https:\/\/elalmadechloe.es\/index.php\/wp-json\/wp\/v2\/types\/page"}],"author":[{"embeddable":true,"href":"https:\/\/elalmadechloe.es\/index.php\/wp-json\/wp\/v2\/users\/1"}],"replies":[{"embeddable":true,"href":"https:\/\/elalmadechloe.es\/index.php\/wp-json\/wp\/v2\/comments?post=157"}],"version-history":[{"count":13,"href":"https:\/\/elalmadechloe.es\/index.php\/wp-json\/wp\/v2\/pages\/157\/revisions"}],"predecessor-version":[{"id":243,"href":"https:\/\/elalmadechloe.es\/index.php\/wp-json\/wp\/v2\/pages\/157\/revisions\/243"}],"wp:attachment":[{"href":"https:\/\/elalmadechloe.es\/index.php\/wp-json\/wp\/v2\/media?parent=157"}],"curies":[{"name":"wp","href":"https:\/\/api.w.org\/{rel}","templated":true}]}}